{"id":6,"date":"2024-09-25T11:33:28","date_gmt":"2024-09-25T11:33:28","guid":{"rendered":"https:\/\/www.hirchwald.louisst.o2switch.site\/blog\/?page_id=6"},"modified":"2024-12-12T08:21:56","modified_gmt":"2024-12-12T08:21:56","slug":"accueil","status":"publish","type":"page","link":"https:\/\/www.hirchwald.louisst.o2switch.site\/blog\/","title":{"rendered":"Accueil"},"content":{"rendered":"\n<div class=\"wp-block-uagb-container uagb-block-a8paadsd alignfull uagb-is-root-container\"><div class=\"uagb-container-inner-blocks-wrap\">\n<div class=\"wp-block-uagb-container uagb-block-pwsgqicm\">\n<figure class=\"wp-block-image size-large is-resized alignleft\"><img loading=\"lazy\" decoding=\"async\" width=\"731\" height=\"1024\" src=\"http:\/\/www.hirchwald.louisst.o2switch.site\/blog\/wp-content\/uploads\/2024\/11\/snow-6071475_1280-731x1024.jpg\" alt=\"\" class=\"wp-image-112\" style=\"width:309px;height:auto\" srcset=\"https:\/\/www.hirchwald.louisst.o2switch.site\/blog\/wp-content\/uploads\/2024\/11\/snow-6071475_1280-731x1024.jpg 731w, https:\/\/www.hirchwald.louisst.o2switch.site\/blog\/wp-content\/uploads\/2024\/11\/snow-6071475_1280-214x300.jpg 214w, https:\/\/www.hirchwald.louisst.o2switch.site\/blog\/wp-content\/uploads\/2024\/11\/snow-6071475_1280-768x1076.jpg 768w, https:\/\/www.hirchwald.louisst.o2switch.site\/blog\/wp-content\/uploads\/2024\/11\/snow-6071475_1280.jpg 914w\" sizes=\"auto, (max-width: 731px) 100vw, 731px\" \/><\/figure>\n\n\n\n<div class=\"wp-block-uagb-image alignleft uagb-block-s301kaqn wp-block-uagb-image--layout-default wp-block-uagb-image--effect-static wp-block-uagb-image--align-left\"><figure class=\"wp-block-uagb-image__figure\"><img decoding=\"async\" srcset=\"https:\/\/www.hirchwald.louisst.o2switch.site\/blog\/wp-content\/uploads\/2024\/11\/golf-2571844_1280-682x1024.jpg ,https:\/\/www.hirchwald.louisst.o2switch.site\/blog\/wp-content\/uploads\/2024\/11\/golf-2571844_1280.jpg 780w, https:\/\/www.hirchwald.louisst.o2switch.site\/blog\/wp-content\/uploads\/2024\/11\/golf-2571844_1280.jpg 360w\" sizes=\"auto, (max-width: 480px) 150px\" src=\"https:\/\/www.hirchwald.louisst.o2switch.site\/blog\/wp-content\/uploads\/2024\/11\/golf-2571844_1280-682x1024.jpg\" alt=\"\" class=\"uag-image-113\" width=\"337\" height=\"420\" title=\"golf-2571844_1280\" loading=\"lazy\" role=\"img\"\/><\/figure><\/div>\n\n\n\n<div class=\"wp-block-uagb-image alignleft uagb-block-blqxmlfx wp-block-uagb-image--layout-default wp-block-uagb-image--effect-static wp-block-uagb-image--align-left\"><figure class=\"wp-block-uagb-image__figure\"><img decoding=\"async\" srcset=\"https:\/\/www.hirchwald.louisst.o2switch.site\/blog\/wp-content\/uploads\/2024\/11\/pc-1207886_1280-1024x682.jpg ,https:\/\/www.hirchwald.louisst.o2switch.site\/blog\/wp-content\/uploads\/2024\/11\/pc-1207886_1280.jpg 780w, https:\/\/www.hirchwald.louisst.o2switch.site\/blog\/wp-content\/uploads\/2024\/11\/pc-1207886_1280.jpg 360w\" sizes=\"auto, (max-width: 480px) 150px\" src=\"https:\/\/www.hirchwald.louisst.o2switch.site\/blog\/wp-content\/uploads\/2024\/11\/pc-1207886_1280-1024x682.jpg\" alt=\"\" class=\"uag-image-116\" width=\"350\" height=\"370\" title=\"pc-1207886_1280\" loading=\"lazy\" role=\"img\"\/><\/figure><\/div>\n\n\n\n<div class=\"wp-block-uagb-image alignleft uagb-block-antruawb wp-block-uagb-image--layout-default wp-block-uagb-image--effect-static wp-block-uagb-image--align-left\"><figure class=\"wp-block-uagb-image__figure\"><img decoding=\"async\" srcset=\"https:\/\/www.hirchwald.louisst.o2switch.site\/blog\/wp-content\/uploads\/2024\/11\/golf-2704601_1280-682x1024.jpg ,https:\/\/www.hirchwald.louisst.o2switch.site\/blog\/wp-content\/uploads\/2024\/11\/golf-2704601_1280.jpg 780w, https:\/\/www.hirchwald.louisst.o2switch.site\/blog\/wp-content\/uploads\/2024\/11\/golf-2704601_1280.jpg 360w\" sizes=\"auto, (max-width: 480px) 150px\" src=\"https:\/\/www.hirchwald.louisst.o2switch.site\/blog\/wp-content\/uploads\/2024\/11\/golf-2704601_1280-682x1024.jpg\" alt=\"\" class=\"uag-image-117\" width=\"300\" height=\"420\" title=\"golf-2704601_1280\" loading=\"lazy\" role=\"img\"\/><\/figure><\/div>\n<\/div>\n<\/div><\/div>\n\n\n\n<p class=\"has-black-color has-text-color has-link-color has-medium-font-size wp-elements-0d3564796d8f5fe837e87b9a9d50571a\">Bonjour \u00e0 tous,<\/p>\n\n\n\n<p class=\"has-black-color has-text-color has-link-color wp-elements-2d114a17d02fd5bc2a2585e1e6af9bdc\">Je suis ravi de vous accueillir sur mon blog, un espace o\u00f9 je partage une partie de ma vie, mes passions et mes projets. Si vous aimez le golf, le ski, ou simplement d\u00e9couvrir le parcours d&rsquo;une personne passionn\u00e9e, vous \u00eates au bon endroit.<\/p>\n\n\n\n<p class=\"has-black-color has-text-color has-link-color wp-elements-33bcb6c313d2094f8878203397cdd4ca\"><strong>Qui suis-je ?<\/strong><br>Je suis un \u00e9tudiant en BTS NDRC (N\u00e9gociation et Digitalisation de la Relation Client) \u00e0 Saint Louis Saint Bruno, une exp\u00e9rience qui m&rsquo;a permis d&rsquo;explorer et de d\u00e9velopper des comp\u00e9tences essentielles dans le monde professionnel. Ce blog est \u00e9galement l&rsquo;occasion pour moi de revenir sur cette ann\u00e9e riche en apprentissages et en d\u00e9fis.<\/p>\n\n\n\n<p class=\"has-black-color has-text-color has-link-color wp-elements-757b6cb56a6a5bd17f3ae78ccb79fefb\"><strong>Mes passions : golf et ski<\/strong><br>Le golf, avec sa pr\u00e9cision et sa strat\u00e9gie, et le ski, avec l&rsquo;adr\u00e9naline de la vitesse et la beaut\u00e9 des paysages enneig\u00e9s, occupent une place sp\u00e9ciale dans ma vie. \u00c0 travers ce blog, je partageai des anecdotes, des conseils et mes exp\u00e9riences sur les parcours de golf et les pistes de ski.<\/p>\n\n\n\n<p class=\"has-black-color has-text-color has-link-color wp-elements-f081885b69ffa536055bf3dca729d11f\"><strong>Mes projets et ambitions<\/strong><br>En plus de mes passions, je vous parlerai de mes projets professionnels et personnels, de mes objectifs, et de tout ce qui m&rsquo;inspire au quotidien. C&rsquo;est un espace de partage et d&rsquo;\u00e9change, o\u00f9 je souhaite \u00e9galement dialoguer avec vous et r\u00e9pondre \u00e0 vos questions.<\/p>\n\n\n\n<p class=\"has-black-color has-text-color has-link-color wp-elements-ecbd2a3da0aae716914f0c34f9662515\">Merci de me suivre dans cette aventure. Prenez un caf\u00e9, installez vous temporairement et laissez vous embarquer dans mon univers. Bonne lecture !<\/p>\n\n\n\n<p class=\"has-black-color has-text-color has-link-color wp-elements-683cba1e13d88de7afa069fd17faa39d\">\u00c0 bient\u00f4t,<br>Oscar<\/p>\n\n\n\n<p><\/p>\n","protected":false},"excerpt":{"rendered":"<p>Bonjour \u00e0 tous, Je suis ravi de vous accueillir sur mon blog, un espace o\u00f9 je partage une partie de [&hellip;]<\/p>\n","protected":false},"author":1,"featured_media":0,"parent":0,"menu_order":0,"comment_status":"closed","ping_status":"closed","template":"","meta":{"_uag_custom_page_level_css":"","site-sidebar-layout":"default","site-content-layout":"","ast-site-content-layout":"","site-content-style":"default","site-sidebar-style":"default","ast-global-header-display":"","ast-banner-title-visibility":"","ast-main-header-display":"","ast-hfb-above-header-display":"","ast-hfb-below-header-display":"","ast-hfb-mobile-header-display":"","site-post-title":"","ast-breadcrumbs-content":"","ast-featured-img":"","footer-sml-layout":"","theme-transparent-header-meta":"","adv-header-id-meta":"","stick-header-meta":"","header-above-stick-meta":"","header-main-stick-meta":"","header-below-stick-meta":"","astra-migrate-meta-layouts":"default","ast-page-background-enabled":"default","ast-page-background-meta":{"desktop":{"background-color":"var(--ast-global-color-4)","background-image":"","background-repeat":"repeat","background-position":"center center","background-size":"auto","background-attachment":"scroll","background-type":"","background-media":"","overlay-type":"","overlay-color":"","overlay-opacity":"","overlay-gradient":""},"tablet":{"background-color":"","background-image":"","background-repeat":"repeat","background-position":"center center","background-size":"auto","background-attachment":"scroll","background-type":"","background-media":"","overlay-type":"","overlay-color":"","overlay-opacity":"","overlay-gradient":""},"mobile":{"background-color":"","background-image":"","background-repeat":"repeat","background-position":"center center","background-size":"auto","background-attachment":"scroll","background-type":"","background-media":"","overlay-type":"","overlay-color":"","overlay-opacity":"","overlay-gradient":""}},"ast-content-background-meta":{"desktop":{"background-color":"var(--ast-global-color-5)","background-image":"","background-repeat":"repeat","background-position":"center center","background-size":"auto","background-attachment":"scroll","background-type":"","background-media":"","overlay-type":"","overlay-color":"","overlay-opacity":"","overlay-gradient":""},"tablet":{"background-color":"var(--ast-global-color-5)","background-image":"","background-repeat":"repeat","background-position":"center center","background-size":"auto","background-attachment":"scroll","background-type":"","background-media":"","overlay-type":"","overlay-color":"","overlay-opacity":"","overlay-gradient":""},"mobile":{"background-color":"var(--ast-global-color-5)","background-image":"","background-repeat":"repeat","background-position":"center center","background-size":"auto","background-attachment":"scroll","background-type":"","background-media":"","overlay-type":"","overlay-color":"","overlay-opacity":"","overlay-gradient":""}},"footnotes":""},"class_list":["post-6","page","type-page","status-publish","hentry"],"uagb_featured_image_src":{"full":false,"thumbnail":false,"medium":false,"medium_large":false,"large":false,"1536x1536":false,"2048x2048":false},"uagb_author_info":{"display_name":"admin","author_link":"https:\/\/www.hirchwald.louisst.o2switch.site\/blog\/author\/admin\/"},"uagb_comment_info":0,"uagb_excerpt":"Bonjour \u00e0 tous, Je suis ravi de vous accueillir sur mon blog, un espace o\u00f9 je partage une partie de [&hellip;]","_links":{"self":[{"href":"https:\/\/www.hirchwald.louisst.o2switch.site\/blog\/wp-json\/wp\/v2\/pages\/6","targetHints":{"allow":["GET"]}}],"collection":[{"href":"https:\/\/www.hirchwald.louisst.o2switch.site\/blog\/wp-json\/wp\/v2\/pages"}],"about":[{"href":"https:\/\/www.hirchwald.louisst.o2switch.site\/blog\/wp-json\/wp\/v2\/types\/page"}],"author":[{"embeddable":true,"href":"https:\/\/www.hirchwald.louisst.o2switch.site\/blog\/wp-json\/wp\/v2\/users\/1"}],"replies":[{"embeddable":true,"href":"https:\/\/www.hirchwald.louisst.o2switch.site\/blog\/wp-json\/wp\/v2\/comments?post=6"}],"version-history":[{"count":10,"href":"https:\/\/www.hirchwald.louisst.o2switch.site\/blog\/wp-json\/wp\/v2\/pages\/6\/revisions"}],"predecessor-version":[{"id":128,"href":"https:\/\/www.hirchwald.louisst.o2switch.site\/blog\/wp-json\/wp\/v2\/pages\/6\/revisions\/128"}],"wp:attachment":[{"href":"https:\/\/www.hirchwald.louisst.o2switch.site\/blog\/wp-json\/wp\/v2\/media?parent=6"}],"curies":[{"name":"wp","href":"https:\/\/api.w.org\/{rel}","templated":true}]}}