{"id":108,"date":"2025-10-02T00:11:22","date_gmt":"2025-10-01T22:11:22","guid":{"rendered":"https:\/\/www.hirchwald.louisst.o2switch.site\/ddg\/?page_id=108"},"modified":"2025-10-02T00:11:22","modified_gmt":"2025-10-01T22:11:22","slug":"mentions-legal","status":"publish","type":"page","link":"https:\/\/www.hirchwald.louisst.o2switch.site\/ddg\/mentions-legal\/","title":{"rendered":"Mentions l\u00e9gal"},"content":{"rendered":"\n<h2 class=\"wp-block-heading\">1. \u00c9diteur du site<\/h2>\n\n\n\n<p>Le pr\u00e9sent site est \u00e9dit\u00e9 par :<br><strong>D\u00e9lice des Gones<\/strong><br>[Forme juridique : exemple SARL, SAS, ou auto-entrepreneur \u2013 \u00e0 pr\u00e9ciser]<br>[Capital social si soci\u00e9t\u00e9]<br>Si\u00e8ge social : [Adresse compl\u00e8te]<br>T\u00e9l\u00e9phone : [Num\u00e9ro de contact]<br>Email : [Adresse email de contact]<br>Num\u00e9ro SIRET : [\u00e0 compl\u00e9ter]<br>Num\u00e9ro de TVA intracommunautaire : [si applicable]<\/p>\n\n\n\n<hr class=\"wp-block-separator has-alpha-channel-opacity\"\/>\n\n\n\n<h2 class=\"wp-block-heading\">2. Directeur de la publication<\/h2>\n\n\n\n<p>Le directeur de la publication est : <strong>[Nom et pr\u00e9nom du responsable l\u00e9gal]<\/strong>.<\/p>\n\n\n\n<hr class=\"wp-block-separator has-alpha-channel-opacity\"\/>\n\n\n\n<h2 class=\"wp-block-heading\">3. H\u00e9bergement<\/h2>\n\n\n\n<p>Le site est h\u00e9berg\u00e9 par :<br><strong>o2switch<\/strong><br>222-224 Boulevard Gustave Flaubert<br>63000 Clermont-Ferrand \u2013 France<br>T\u00e9l\u00e9phone : 04 44 44 60 40<br>Site web : <a>https:\/\/www.o2switch.fr\/<\/a><\/p>\n\n\n\n<hr class=\"wp-block-separator has-alpha-channel-opacity\"\/>\n\n\n\n<h2 class=\"wp-block-heading\">4. Propri\u00e9t\u00e9 intellectuelle<\/h2>\n\n\n\n<p>Le contenu du site (textes, images, graphismes, logo, vid\u00e9os, etc.) est la propri\u00e9t\u00e9 exclusive de <strong>D\u00e9lice des Gones<\/strong>, sauf mentions contraires.<br>Toute reproduction, distribution, modification ou utilisation de ces \u00e9l\u00e9ments, sans autorisation pr\u00e9alable, est interdite.<\/p>\n\n\n\n<hr class=\"wp-block-separator has-alpha-channel-opacity\"\/>\n\n\n\n<h2 class=\"wp-block-heading\">5. Responsabilit\u00e9<\/h2>\n\n\n\n<p>Nous nous effor\u00e7ons d\u2019assurer l\u2019exactitude et la mise \u00e0 jour des informations publi\u00e9es sur ce site, mais nous ne pouvons garantir leur exhaustivit\u00e9 ni leur exactitude.<br>D\u00e9lice des Gones d\u00e9cline toute responsabilit\u00e9 en cas d\u2019erreurs, d\u2019omissions ou de dysfonctionnement technique.<\/p>\n\n\n\n<hr class=\"wp-block-separator has-alpha-channel-opacity\"\/>\n\n\n\n<h2 class=\"wp-block-heading\">6. Donn\u00e9es personnelles<\/h2>\n\n\n\n<p>Les informations collect\u00e9es via notre site (formulaire de contact, commande, etc.) sont trait\u00e9es conform\u00e9ment \u00e0 notre <a>Politique de Confidentialit\u00e9<\/a>.<\/p>\n\n\n\n<p>Conform\u00e9ment au R\u00e8glement G\u00e9n\u00e9ral sur la Protection des Donn\u00e9es (RGPD), vous disposez d\u2019un droit d\u2019acc\u00e8s, de rectification et de suppression de vos donn\u00e9es personnelles.<br>Vous pouvez exercer ces droits en nous \u00e9crivant \u00e0 : <strong>[ton email de contact]<\/strong>.<\/p>\n\n\n\n<hr class=\"wp-block-separator has-alpha-channel-opacity\"\/>\n\n\n\n<h2 class=\"wp-block-heading\">7. Cookies<\/h2>\n\n\n\n<p>Le site utilise des cookies pour am\u00e9liorer l\u2019exp\u00e9rience utilisateur, analyser la fr\u00e9quentation et proposer un service adapt\u00e9.<br>Vous pouvez param\u00e9trer ou refuser les cookies via votre navigateur.<\/p>\n\n\n\n<hr class=\"wp-block-separator has-alpha-channel-opacity\"\/>\n\n\n\n<h2 class=\"wp-block-heading\">8. Droit applicable<\/h2>\n\n\n\n<p>Les pr\u00e9sentes mentions l\u00e9gales sont r\u00e9gies par le droit fran\u00e7ais. En cas de litige, et \u00e0 d\u00e9faut d\u2019accord amiable, comp\u00e9tence exclusive est attribu\u00e9e aux tribunaux fran\u00e7ais.<\/p>\n\n\n\n<p><\/p>\n","protected":false},"excerpt":{"rendered":"<p>1. \u00c9diteur du site Le pr\u00e9sent site est \u00e9dit\u00e9 par :D\u00e9lice des Gones[Forme juridique : exemple SARL, SAS, ou auto-entrepreneur [&hellip;]<\/p>\n","protected":false},"author":1,"featured_media":0,"parent":0,"menu_order":0,"comment_status":"closed","ping_status":"closed","template":"","meta":{"_uag_custom_page_level_css":"","site-sidebar-layout":"default","site-content-layout":"","ast-site-content-layout":"default","site-content-style":"default","site-sidebar-style":"default","ast-global-header-display":"","ast-banner-title-visibility":"","ast-main-header-display":"","ast-hfb-above-header-display":"","ast-hfb-below-header-display":"","ast-hfb-mobile-header-display":"","site-post-title":"","ast-breadcrumbs-content":"","ast-featured-img":"","footer-sml-layout":"","theme-transparent-header-meta":"","adv-header-id-meta":"","stick-header-meta":"","header-above-stick-meta":"","header-main-stick-meta":"","header-below-stick-meta":"","astra-migrate-meta-layouts":"default","ast-page-background-enabled":"default","ast-page-background-meta":{"desktop":{"background-color":"var(--ast-global-color-5)","background-image":"","background-repeat":"repeat","background-position":"center center","background-size":"auto","background-attachment":"scroll","background-type":"","background-media":"","overlay-type":"","overlay-color":"","overlay-opacity":"","overlay-gradient":""},"tablet":{"background-color":"","background-image":"","background-repeat":"repeat","background-position":"center center","background-size":"auto","background-attachment":"scroll","background-type":"","background-media":"","overlay-type":"","overlay-color":"","overlay-opacity":"","overlay-gradient":""},"mobile":{"background-color":"","background-image":"","background-repeat":"repeat","background-position":"center center","background-size":"auto","background-attachment":"scroll","background-type":"","background-media":"","overlay-type":"","overlay-color":"","overlay-opacity":"","overlay-gradient":""}},"ast-content-background-meta":{"desktop":{"background-color":"var(--ast-global-color-4)","background-image":"","background-repeat":"repeat","background-position":"center center","background-size":"auto","background-attachment":"scroll","background-type":"","background-media":"","overlay-type":"","overlay-color":"","overlay-opacity":"","overlay-gradient":""},"tablet":{"background-color":"var(--ast-global-color-4)","background-image":"","background-repeat":"repeat","background-position":"center center","background-size":"auto","background-attachment":"scroll","background-type":"","background-media":"","overlay-type":"","overlay-color":"","overlay-opacity":"","overlay-gradient":""},"mobile":{"background-color":"var(--ast-global-color-4)","background-image":"","background-repeat":"repeat","background-position":"center center","background-size":"auto","background-attachment":"scroll","background-type":"","background-media":"","overlay-type":"","overlay-color":"","overlay-opacity":"","overlay-gradient":""}},"footnotes":""},"class_list":["post-108","page","type-page","status-publish","hentry"],"yoast_head":"<!-- This site is optimized with the Yoast SEO plugin v26.5 - https:\/\/yoast.com\/wordpress\/plugins\/seo\/ -->\n<title>Mentions l\u00e9gal - D\u00e9lice des Gones<\/title>\n<meta name=\"robots\" content=\"index, follow, max-snippet:-1, max-image-preview:large, max-video-preview:-1\" \/>\n<link rel=\"canonical\" href=\"https:\/\/www.hirchwald.louisst.o2switch.site\/ddg\/mentions-legal\/\" \/>\n<meta property=\"og:locale\" content=\"fr_FR\" \/>\n<meta property=\"og:type\" content=\"article\" \/>\n<meta property=\"og:title\" content=\"Mentions l\u00e9gal - D\u00e9lice des Gones\" \/>\n<meta property=\"og:description\" content=\"1. \u00c9diteur du site Le pr\u00e9sent site est \u00e9dit\u00e9 par :D\u00e9lice des Gones[Forme juridique : exemple SARL, SAS, ou auto-entrepreneur [&hellip;]\" \/>\n<meta property=\"og:url\" content=\"https:\/\/www.hirchwald.louisst.o2switch.site\/ddg\/mentions-legal\/\" \/>\n<meta property=\"og:site_name\" content=\"D\u00e9lice des Gones\" \/>\n<meta name=\"twitter:card\" content=\"summary_large_image\" \/>\n<meta name=\"twitter:label1\" content=\"Dur\u00e9e de lecture estim\u00e9e\" \/>\n\t<meta name=\"twitter:data1\" content=\"2 minutes\" \/>\n<script type=\"application\/ld+json\" class=\"yoast-schema-graph\">{\"@context\":\"https:\/\/schema.org\",\"@graph\":[{\"@type\":\"WebPage\",\"@id\":\"https:\/\/www.hirchwald.louisst.o2switch.site\/ddg\/mentions-legal\/\",\"url\":\"https:\/\/www.hirchwald.louisst.o2switch.site\/ddg\/mentions-legal\/\",\"name\":\"Mentions l\u00e9gal - D\u00e9lice des Gones\",\"isPartOf\":{\"@id\":\"https:\/\/www.hirchwald.louisst.o2switch.site\/ddg\/#website\"},\"datePublished\":\"2025-10-01T22:11:22+00:00\",\"breadcrumb\":{\"@id\":\"https:\/\/www.hirchwald.louisst.o2switch.site\/ddg\/mentions-legal\/#breadcrumb\"},\"inLanguage\":\"fr-FR\",\"potentialAction\":[{\"@type\":\"ReadAction\",\"target\":[\"https:\/\/www.hirchwald.louisst.o2switch.site\/ddg\/mentions-legal\/\"]}]},{\"@type\":\"BreadcrumbList\",\"@id\":\"https:\/\/www.hirchwald.louisst.o2switch.site\/ddg\/mentions-legal\/#breadcrumb\",\"itemListElement\":[{\"@type\":\"ListItem\",\"position\":1,\"name\":\"Accueil\",\"item\":\"https:\/\/www.hirchwald.louisst.o2switch.site\/ddg\/\"},{\"@type\":\"ListItem\",\"position\":2,\"name\":\"Mentions l\u00e9gal\"}]},{\"@type\":\"WebSite\",\"@id\":\"https:\/\/www.hirchwald.louisst.o2switch.site\/ddg\/#website\",\"url\":\"https:\/\/www.hirchwald.louisst.o2switch.site\/ddg\/\",\"name\":\"D\u00e9lice des Gones\",\"description\":\"\",\"publisher\":{\"@id\":\"https:\/\/www.hirchwald.louisst.o2switch.site\/ddg\/#organization\"},\"potentialAction\":[{\"@type\":\"SearchAction\",\"target\":{\"@type\":\"EntryPoint\",\"urlTemplate\":\"https:\/\/www.hirchwald.louisst.o2switch.site\/ddg\/?s={search_term_string}\"},\"query-input\":{\"@type\":\"PropertyValueSpecification\",\"valueRequired\":true,\"valueName\":\"search_term_string\"}}],\"inLanguage\":\"fr-FR\"},{\"@type\":\"Organization\",\"@id\":\"https:\/\/www.hirchwald.louisst.o2switch.site\/ddg\/#organization\",\"name\":\"D\u00e9lice des Gones\",\"url\":\"https:\/\/www.hirchwald.louisst.o2switch.site\/ddg\/\",\"logo\":{\"@type\":\"ImageObject\",\"inLanguage\":\"fr-FR\",\"@id\":\"https:\/\/www.hirchwald.louisst.o2switch.site\/ddg\/#\/schema\/logo\/image\/\",\"url\":\"https:\/\/www.hirchwald.louisst.o2switch.site\/ddg\/wp-content\/uploads\/2025\/09\/cropped-image-1.png\",\"contentUrl\":\"https:\/\/www.hirchwald.louisst.o2switch.site\/ddg\/wp-content\/uploads\/2025\/09\/cropped-image-1.png\",\"width\":1022,\"height\":1022,\"caption\":\"D\u00e9lice des Gones\"},\"image\":{\"@id\":\"https:\/\/www.hirchwald.louisst.o2switch.site\/ddg\/#\/schema\/logo\/image\/\"}}]}<\/script>\n<!-- \/ Yoast SEO plugin. -->","yoast_head_json":{"title":"Mentions l\u00e9gal - D\u00e9lice des Gones","robots":{"index":"index","follow":"follow","max-snippet":"max-snippet:-1","max-image-preview":"max-image-preview:large","max-video-preview":"max-video-preview:-1"},"canonical":"https:\/\/www.hirchwald.louisst.o2switch.site\/ddg\/mentions-legal\/","og_locale":"fr_FR","og_type":"article","og_title":"Mentions l\u00e9gal - D\u00e9lice des Gones","og_description":"1. \u00c9diteur du site Le pr\u00e9sent site est \u00e9dit\u00e9 par :D\u00e9lice des Gones[Forme juridique : exemple SARL, SAS, ou auto-entrepreneur [&hellip;]","og_url":"https:\/\/www.hirchwald.louisst.o2switch.site\/ddg\/mentions-legal\/","og_site_name":"D\u00e9lice des Gones","twitter_card":"summary_large_image","twitter_misc":{"Dur\u00e9e de lecture estim\u00e9e":"2 minutes"},"schema":{"@context":"https:\/\/schema.org","@graph":[{"@type":"WebPage","@id":"https:\/\/www.hirchwald.louisst.o2switch.site\/ddg\/mentions-legal\/","url":"https:\/\/www.hirchwald.louisst.o2switch.site\/ddg\/mentions-legal\/","name":"Mentions l\u00e9gal - D\u00e9lice des Gones","isPartOf":{"@id":"https:\/\/www.hirchwald.louisst.o2switch.site\/ddg\/#website"},"datePublished":"2025-10-01T22:11:22+00:00","breadcrumb":{"@id":"https:\/\/www.hirchwald.louisst.o2switch.site\/ddg\/mentions-legal\/#breadcrumb"},"inLanguage":"fr-FR","potentialAction":[{"@type":"ReadAction","target":["https:\/\/www.hirchwald.louisst.o2switch.site\/ddg\/mentions-legal\/"]}]},{"@type":"BreadcrumbList","@id":"https:\/\/www.hirchwald.louisst.o2switch.site\/ddg\/mentions-legal\/#breadcrumb","itemListElement":[{"@type":"ListItem","position":1,"name":"Accueil","item":"https:\/\/www.hirchwald.louisst.o2switch.site\/ddg\/"},{"@type":"ListItem","position":2,"name":"Mentions l\u00e9gal"}]},{"@type":"WebSite","@id":"https:\/\/www.hirchwald.louisst.o2switch.site\/ddg\/#website","url":"https:\/\/www.hirchwald.louisst.o2switch.site\/ddg\/","name":"D\u00e9lice des Gones","description":"","publisher":{"@id":"https:\/\/www.hirchwald.louisst.o2switch.site\/ddg\/#organization"},"potentialAction":[{"@type":"SearchAction","target":{"@type":"EntryPoint","urlTemplate":"https:\/\/www.hirchwald.louisst.o2switch.site\/ddg\/?s={search_term_string}"},"query-input":{"@type":"PropertyValueSpecification","valueRequired":true,"valueName":"search_term_string"}}],"inLanguage":"fr-FR"},{"@type":"Organization","@id":"https:\/\/www.hirchwald.louisst.o2switch.site\/ddg\/#organization","name":"D\u00e9lice des Gones","url":"https:\/\/www.hirchwald.louisst.o2switch.site\/ddg\/","logo":{"@type":"ImageObject","inLanguage":"fr-FR","@id":"https:\/\/www.hirchwald.louisst.o2switch.site\/ddg\/#\/schema\/logo\/image\/","url":"https:\/\/www.hirchwald.louisst.o2switch.site\/ddg\/wp-content\/uploads\/2025\/09\/cropped-image-1.png","contentUrl":"https:\/\/www.hirchwald.louisst.o2switch.site\/ddg\/wp-content\/uploads\/2025\/09\/cropped-image-1.png","width":1022,"height":1022,"caption":"D\u00e9lice des Gones"},"image":{"@id":"https:\/\/www.hirchwald.louisst.o2switch.site\/ddg\/#\/schema\/logo\/image\/"}}]}},"uagb_featured_image_src":{"full":false,"thumbnail":false,"medium":false,"medium_large":false,"large":false,"1536x1536":false,"2048x2048":false},"uagb_author_info":{"display_name":"admin","author_link":"https:\/\/www.hirchwald.louisst.o2switch.site\/ddg\/author\/admin\/"},"uagb_comment_info":0,"uagb_excerpt":"1. \u00c9diteur du site Le pr\u00e9sent site est \u00e9dit\u00e9 par :D\u00e9lice des Gones[Forme juridique : exemple SARL, SAS, ou auto-entrepreneur [&hellip;]","_links":{"self":[{"href":"https:\/\/www.hirchwald.louisst.o2switch.site\/ddg\/wp-json\/wp\/v2\/pages\/108","targetHints":{"allow":["GET"]}}],"collection":[{"href":"https:\/\/www.hirchwald.louisst.o2switch.site\/ddg\/wp-json\/wp\/v2\/pages"}],"about":[{"href":"https:\/\/www.hirchwald.louisst.o2switch.site\/ddg\/wp-json\/wp\/v2\/types\/page"}],"author":[{"embeddable":true,"href":"https:\/\/www.hirchwald.louisst.o2switch.site\/ddg\/wp-json\/wp\/v2\/users\/1"}],"replies":[{"embeddable":true,"href":"https:\/\/www.hirchwald.louisst.o2switch.site\/ddg\/wp-json\/wp\/v2\/comments?post=108"}],"version-history":[{"count":1,"href":"https:\/\/www.hirchwald.louisst.o2switch.site\/ddg\/wp-json\/wp\/v2\/pages\/108\/revisions"}],"predecessor-version":[{"id":120,"href":"https:\/\/www.hirchwald.louisst.o2switch.site\/ddg\/wp-json\/wp\/v2\/pages\/108\/revisions\/120"}],"wp:attachment":[{"href":"https:\/\/www.hirchwald.louisst.o2switch.site\/ddg\/wp-json\/wp\/v2\/media?parent=108"}],"curies":[{"name":"wp","href":"https:\/\/api.w.org\/{rel}","templated":true}]}}